{"id":1393,"date":"2022-10-19T17:07:06","date_gmt":"2022-10-19T15:07:06","guid":{"rendered":"https:\/\/es22-dev.gib-dev.com\/widerrufsbelehrung\/"},"modified":"2025-08-08T07:20:01","modified_gmt":"2025-08-08T05:20:01","slug":"widerrufsbelehrung","status":"publish","type":"page","link":"https:\/\/embedded-academy.com\/de\/widerrufsbelehrung\/","title":{"rendered":"Widerrufsbelehrung"},"content":{"rendered":"\t\t<div data-elementor-type=\"wp-page\" data-elementor-id=\"1393\" class=\"elementor elementor-1393\" data-elementor-post-type=\"page\">\n\t\t\t\t<div class=\"elementor-element elementor-element-5583eff e-con-full e-flex e-con e-parent\" data-id=\"5583eff\" data-element_type=\"container\">\n\t\t<div class=\"elementor-element elementor-element-5890414 e-flex e-con-boxed e-con e-child\" data-id=\"5890414\" data-element_type=\"container\">\n\t\t\t\t\t<div class=\"e-con-inner\">\n\t\t\t\t<div class=\"elementor-element elementor-element-9205587 elementor-widget-divider--view-line elementor-widget elementor-widget-divider\" data-id=\"9205587\" data-element_type=\"widget\" data-widget_type=\"divider.default\">\n\t\t\t\t<div class=\"elementor-widget-container\">\n\t\t\t\t\t\t\t<div class=\"elementor-divider\">\n\t\t\t<span class=\"elementor-divider-separator\">\n\t\t\t\t\t\t<\/span>\n\t\t<\/div>\n\t\t\t\t\t\t<\/div>\n\t\t\t\t<\/div>\n\t\t\t\t\t<\/div>\n\t\t\t\t<\/div>\n\t\t<div class=\"elementor-element elementor-element-d4ada70 e-flex e-con-boxed e-con e-child\" data-id=\"d4ada70\" data-element_type=\"container\">\n\t\t\t\t\t<div class=\"e-con-inner\">\n\t\t\t\t<div class=\"elementor-element elementor-element-45345b5 elementor-widget elementor-widget-heading\" data-id=\"45345b5\" data-element_type=\"widget\" data-widget_type=\"heading.default\">\n\t\t\t\t<div class=\"elementor-widget-container\">\n\t\t\t\t\t<h1 class=\"elementor-heading-title elementor-size-default\">Widerrufsbelehrung<\/h1>\t\t\t\t<\/div>\n\t\t\t\t<\/div>\n\t\t\t\t\t<\/div>\n\t\t\t\t<\/div>\n\t\t<div class=\"elementor-element elementor-element-fbd97f8 e-flex e-con-boxed e-con e-child\" data-id=\"fbd97f8\" data-element_type=\"container\">\n\t\t\t\t\t<div class=\"e-con-inner\">\n\t\t\t\t<div class=\"elementor-element elementor-element-928836f elementor-widget elementor-widget-text-editor\" data-id=\"928836f\" data-element_type=\"widget\" data-widget_type=\"text-editor.default\">\n\t\t\t\t<div class=\"elementor-widget-container\">\n\t\t\t\t\t\t\t\t\t<h2>Widerrufsrecht<\/h2><p>Wenn Sie Verbraucher i.S.d. \u00a7\u00a013 BGB sind, haben Sie das Recht, binnen vierzehn Tagen ohne Angaben<br \/>von Gr\u00fcnden diesen Vertrag zu widerrufen. Die Widerrufsfrist betr\u00e4gt vierzehn Tage ab dem Tag des<br \/>Vertragsabschlusses.<\/p><p>Um Ihr Widerrufsrecht auszu\u00fcben, m\u00fcssen Sie uns<\/p><p><strong>Eclipseina GmbH<br \/>N\u00fcrnberger Stra\u00dfe 13<br \/>93152 <span lang=\"DE\">Nittendorf \u2013 Etterzhausen<br \/>Landkreis Regensburg<\/span><br \/>Tel. <a href=\"tel:+499404\/3004160\">+49 9404 \/ 3004 160<\/a><br \/>E-Mail: <a href=\"mailto:info@eclipseina.com\">info@eclipseina.com<\/a><\/strong><\/p><p>mittels einer eindeutigen Erkl\u00e4rung (z.\u00a0B. ein mit der Post versandter Brief, Telefax oder E-Mail) \u00fcber<br \/>Ihren Entschluss, diesen Vertrag zu widerrufen, informieren. Sie k\u00f6nnen daf\u00fcr das beigef\u00fcgte Muster-<br \/>Widerrufsformular verwenden, das jedoch nicht vorgeschrieben ist.<\/p><p>Zur Wahrung der Widerrufsfrist reicht es aus, dass Sie die Mitteilung \u00fcber die Aus\u00fcbung des<br \/>Widerrufsrechts vor Ablauf der Widerrufsfrist absenden.<\/p><h2>Folgen des Widerrufs<\/h2><p>Wenn Sie diesen Vertrag widerrufen, haben wir Ihnen alle Zahlungen, die wir von Ihnen erhalten<br \/>haben, einschlie\u00dflich der Lieferkosten (mit Ausnahme der zus\u00e4tzlichen Kosten, die sich daraus<br \/>ergeben, dass Sie eine andere Art der Lieferung als die von uns angebotene, g\u00fcnstigste<br \/>Standardlieferung gew\u00e4hlt haben), unverz\u00fcglich und sp\u00e4testens binnen vierzehn Tagen ab dem Tag<br \/>zur\u00fcckzuzahlen, an dem die Mitteilung \u00fcber Ihren Widerruf dieses Vertrags bei uns eingegangen ist. F\u00fcr<br \/>diese R\u00fcckzahlung verwenden wir dasselbe Zahlungsmittel, das Sie bei der urspr\u00fcnglichen<br \/>Transaktion eingesetzt haben, es sei denn, mit Ihnen wurde ausdr\u00fccklich etwas anderes vereinbart; in<br \/>keinem Fall werden Ihnen wegen dieser R\u00fcckzahlung Entgelte berechnet.<\/p><p>Das Widerrufsrecht erlischt bei einem Vertrag \u00fcber die Lieferung von nicht auf einem k\u00f6rperlichen<br \/>Datentr\u00e4ger befindlichen digitalen Inhalten, wenn der Unternehmer mit der Ausf\u00fchrung des Vertrags<br \/>begonnen hat, nachdem der Verbraucher<\/p><ol><li>ausdr\u00fccklich zugestimmt hat, dass der Unternehmer mit der Ausf\u00fchrung des Vertrags vor Ablauf der Widerrufsfrist beginnt, und<\/li><li>seine Kenntnis davon best\u00e4tigt hat, dass er durch seine Zustimmung mit Beginn der Ausf\u00fchrung des Vertrags sein Widerrufsrecht verliert.<\/li><\/ol><h2>Muster-Widerrufsformular<\/h2><p>(Wenn Sie den Vertrag widerrufen wollen, dann f\u00fcllen Sie bitte dieses Formular aus und senden Sie es<br \/>zur\u00fcck.)<\/p><p><strong>Eclipseina GmbH<br \/>N\u00fcrnberger Stra\u00dfe 13<br \/>93152 <span lang=\"DE\">Nittendorf \u2013 Etterzhausen<br \/>Landkreis Regensburg<\/span><br \/>E-Mail: <a href=\"mailto:info@eclipseina.com\">info@eclipseina.com<\/a><\/strong><\/p><p>Hiermit widerrufe(n) ich\/wir (*) den von mir\/uns (*) abgeschlossenen Vertrag \u00fcber den Kauf der<br \/>folgenden Waren (*)\/die Erbringung der folgenden Dienstleistung (*):<br \/>__________________________________________________________________________________<br \/>Bestellt am (*)\/erhalten am (*)<br \/>__________________________________________________________________________________<br \/>Name des\/der Verbraucher(s)<br \/>__________________________________________________________________________________<br \/>Anschrift des\/der Verbraucher(s)<br \/>__________________________________________________________________________________<br \/>Unterschrift des\/der Verbraucher(s) (nur bei Mitteilung auf Papier)<br \/>__________________________________________________________________________________<br \/>Datum<br \/>__________________________________________________________________________________<br \/>(*) Unzutreffendes streichen.<\/p>\t\t\t\t\t\t\t\t<\/div>\n\t\t\t\t<\/div>\n\t\t\t\t\t<\/div>\n\t\t\t\t<\/div>\n\t\t\t\t<\/div>\n\t\t\t\t<\/div>\n\t\t","protected":false},"excerpt":{"rendered":"<p>Widerrufsbelehrung Widerrufsrecht Wenn Sie Verbraucher i.S.d. \u00a7\u00a013 BGB sind, haben Sie das Recht, binnen vierzehn Tagen ohne Angabenvon Gr\u00fcnden diesen Vertrag zu widerrufen. Die Widerrufsfrist betr\u00e4gt vierzehn Tage ab dem Tag desVertragsabschlusses. Um Ihr Widerrufsrecht auszu\u00fcben, m\u00fcssen Sie uns Eclipseina GmbHN\u00fcrnberger Stra\u00dfe 1393152 Nittendorf \u2013 EtterzhausenLandkreis RegensburgTel. +49 9404 \/ 3004 160E-Mail: info@eclipseina.com mittels einer [&hellip;]<\/p>\n","protected":false},"author":1,"featured_media":0,"parent":0,"menu_order":0,"comment_status":"closed","ping_status":"closed","template":"","meta":{"content-type":"","footnotes":""},"categories":[],"tags":[],"class_list":["post-1393","page","type-page","status-publish","hentry"],"_links":{"self":[{"href":"https:\/\/embedded-academy.com\/de\/wp-json\/wp\/v2\/pages\/1393","targetHints":{"allow":["GET"]}}],"collection":[{"href":"https:\/\/embedded-academy.com\/de\/wp-json\/wp\/v2\/pages"}],"about":[{"href":"https:\/\/embedded-academy.com\/de\/wp-json\/wp\/v2\/types\/page"}],"author":[{"embeddable":true,"href":"https:\/\/embedded-academy.com\/de\/wp-json\/wp\/v2\/users\/1"}],"replies":[{"embeddable":true,"href":"https:\/\/embedded-academy.com\/de\/wp-json\/wp\/v2\/comments?post=1393"}],"version-history":[{"count":35,"href":"https:\/\/embedded-academy.com\/de\/wp-json\/wp\/v2\/pages\/1393\/revisions"}],"predecessor-version":[{"id":64716,"href":"https:\/\/embedded-academy.com\/de\/wp-json\/wp\/v2\/pages\/1393\/revisions\/64716"}],"wp:attachment":[{"href":"https:\/\/embedded-academy.com\/de\/wp-json\/wp\/v2\/media?parent=1393"}],"wp:term":[{"taxonomy":"category","embeddable":true,"href":"https:\/\/embedded-academy.com\/de\/wp-json\/wp\/v2\/categories?post=1393"},{"taxonomy":"post_tag","embeddable":true,"href":"https:\/\/embedded-academy.com\/de\/wp-json\/wp\/v2\/tags?post=1393"}],"curies":[{"name":"wp","href":"https:\/\/api.w.org\/{rel}","templated":true}]}}