{"id":578,"date":"2022-10-10T03:31:35","date_gmt":"2022-10-10T01:31:35","guid":{"rendered":"https:\/\/es22-dev.gib-dev.com\/?page_id=578"},"modified":"2024-04-23T13:35:38","modified_gmt":"2024-04-23T11:35:38","slug":"academy","status":"publish","type":"page","link":"https:\/\/embedded-academy.com\/de\/academy\/","title":{"rendered":"Academy"},"content":{"rendered":"\t\t<div data-elementor-type=\"wp-page\" data-elementor-id=\"578\" class=\"elementor elementor-578\" data-elementor-post-type=\"page\">\n\t\t\t\t<div class=\"elementor-element elementor-element-d2048e3 e-con-full e-flex e-con e-parent\" data-id=\"d2048e3\" data-element_type=\"container\">\n\t\t<div class=\"elementor-element elementor-element-d78fba8 e-con-full e-flex e-con e-child\" data-id=\"d78fba8\" data-element_type=\"container\">\n\t\t<div class=\"elementor-element elementor-element-1839692 e-flex e-con-boxed e-con e-child\" data-id=\"1839692\" data-element_type=\"container\">\n\t\t\t\t\t<div class=\"e-con-inner\">\n\t\t<div class=\"elementor-element elementor-element-73d8532 e-flex e-con-boxed e-con e-child\" data-id=\"73d8532\" data-element_type=\"container\">\n\t\t\t\t\t<div class=\"e-con-inner\">\n\t\t\t\t<div class=\"elementor-element elementor-element-dbba913 elementor-widget elementor-widget-heading\" data-id=\"dbba913\" data-element_type=\"widget\" data-widget_type=\"heading.default\">\n\t\t\t\t<div class=\"elementor-widget-container\">\n\t\t\t\t\t<h1 class=\"elementor-heading-title elementor-size-default\">Dem Mangel an\nFachkr\u00e4ften begegnen<\/h1>\t\t\t\t<\/div>\n\t\t\t\t<\/div>\n\t\t\t\t<div class=\"elementor-element elementor-element-8f5dfa4 elementor-widget elementor-widget-heading\" data-id=\"8f5dfa4\" data-element_type=\"widget\" data-widget_type=\"heading.default\">\n\t\t\t\t<div class=\"elementor-widget-container\">\n\t\t\t\t\t<h2 class=\"elementor-heading-title elementor-size-default\">Energiewende, Verkehrswende, Digitalisierung<\/h2>\t\t\t\t<\/div>\n\t\t\t\t<\/div>\n\t\t\t\t<div class=\"elementor-element elementor-element-57f94c0 elementor-widget elementor-widget-text-editor\" data-id=\"57f94c0\" data-element_type=\"widget\" data-widget_type=\"text-editor.default\">\n\t\t\t\t<div class=\"elementor-widget-container\">\n\t\t\t\t\t\t\t\t\t<p>Mit Hilfe der Embedded Academy k\u00f6nnen Sie dem Fachkr\u00e4ftemangel zu den gro\u00dfen Transformationsthemen effizienter begegnen.<\/p>\t\t\t\t\t\t\t\t<\/div>\n\t\t\t\t<\/div>\n\t\t<div class=\"elementor-element elementor-element-e2178c1 e-flex e-con-boxed e-con e-child\" data-id=\"e2178c1\" data-element_type=\"container\">\n\t\t\t\t\t<div class=\"e-con-inner\">\n\t\t\t\t<div class=\"elementor-element elementor-element-c5f6502 elementor-widget elementor-widget-button\" data-id=\"c5f6502\" data-element_type=\"widget\" data-widget_type=\"button.default\">\n\t\t\t\t<div class=\"elementor-widget-container\">\n\t\t\t\t\t\t\t\t\t<div class=\"elementor-button-wrapper\">\n\t\t\t\t\t<a class=\"elementor-button elementor-button-link elementor-size-sm\" href=\"\/de\/e-learning-portfolio\/\">\n\t\t\t\t\t\t<span class=\"elementor-button-content-wrapper\">\n\t\t\t\t\t\t\t\t\t<span class=\"elementor-button-text\"> E-Learning Portfolio<\/span>\n\t\t\t\t\t<\/span>\n\t\t\t\t\t<\/a>\n\t\t\t\t<\/div>\n\t\t\t\t\t\t\t\t<\/div>\n\t\t\t\t<\/div>\n\t\t\t\t<div class=\"elementor-element elementor-element-ebe7bd9 elementor-widget elementor-widget-button\" data-id=\"ebe7bd9\" data-element_type=\"widget\" data-widget_type=\"button.default\">\n\t\t\t\t<div class=\"elementor-widget-container\">\n\t\t\t\t\t\t\t\t\t<div class=\"elementor-button-wrapper\">\n\t\t\t\t\t<a class=\"elementor-button elementor-button-link elementor-size-sm\" href=\"\/de\/weiterbildungsberatung\/\">\n\t\t\t\t\t\t<span class=\"elementor-button-content-wrapper\">\n\t\t\t\t\t\t\t\t\t<span class=\"elementor-button-text\">Weiterbildungsberatung<\/span>\n\t\t\t\t\t<\/span>\n\t\t\t\t\t<\/a>\n\t\t\t\t<\/div>\n\t\t\t\t\t\t\t\t<\/div>\n\t\t\t\t<\/div>\n\t\t\t\t<div class=\"elementor-element elementor-element-1102687 elementor-widget elementor-widget-button\" data-id=\"1102687\" data-element_type=\"widget\" data-widget_type=\"button.default\">\n\t\t\t\t<div class=\"elementor-widget-container\">\n\t\t\t\t\t\t\t\t\t<div class=\"elementor-button-wrapper\">\n\t\t\t\t\t<a class=\"elementor-button elementor-button-link elementor-size-sm\" href=\"\/de\/seminare\/\">\n\t\t\t\t\t\t<span class=\"elementor-button-content-wrapper\">\n\t\t\t\t\t\t\t\t\t<span class=\"elementor-button-text\">Seminare<\/span>\n\t\t\t\t\t<\/span>\n\t\t\t\t\t<\/a>\n\t\t\t\t<\/div>\n\t\t\t\t\t\t\t\t<\/div>\n\t\t\t\t<\/div>\n\t\t\t\t<div class=\"elementor-element elementor-element-36cf517 elementor-widget elementor-widget-button\" data-id=\"36cf517\" data-element_type=\"widget\" data-widget_type=\"button.default\">\n\t\t\t\t<div class=\"elementor-widget-container\">\n\t\t\t\t\t\t\t\t\t<div class=\"elementor-button-wrapper\">\n\t\t\t\t\t<a class=\"elementor-button elementor-button-link elementor-size-sm\" href=\"\/de\/individuelles-e-learning\/\">\n\t\t\t\t\t\t<span class=\"elementor-button-content-wrapper\">\n\t\t\t\t\t\t\t\t\t<span class=\"elementor-button-text\">Individuelle L\u00f6sungen<\/span>\n\t\t\t\t\t<\/span>\n\t\t\t\t\t<\/a>\n\t\t\t\t<\/div>\n\t\t\t\t\t\t\t\t<\/div>\n\t\t\t\t<\/div>\n\t\t\t\t\t<\/div>\n\t\t\t\t<\/div>\n\t\t\t\t\t<\/div>\n\t\t\t\t<\/div>\n\t\t\t\t\t<\/div>\n\t\t\t\t<\/div>\n\t\t\t\t<\/div>\n\t\t<div class=\"elementor-element elementor-element-3b8486b e-flex e-con-boxed e-con e-child\" data-id=\"3b8486b\" data-element_type=\"container\">\n\t\t\t\t\t<div class=\"e-con-inner\">\n\t\t\t\t<div class=\"elementor-element elementor-element-d1c1f00 elementor-widget-divider--view-line elementor-widget elementor-widget-divider\" data-id=\"d1c1f00\" data-element_type=\"widget\" data-widget_type=\"divider.default\">\n\t\t\t\t<div class=\"elementor-widget-container\">\n\t\t\t\t\t\t\t<div class=\"elementor-divider\">\n\t\t\t<span class=\"elementor-divider-separator\">\n\t\t\t\t\t\t<\/span>\n\t\t<\/div>\n\t\t\t\t\t\t<\/div>\n\t\t\t\t<\/div>\n\t\t\t\t\t<\/div>\n\t\t\t\t<\/div>\n\t\t<div class=\"elementor-element elementor-element-7d4dfa3 e-flex e-con-boxed e-con e-child\" data-id=\"7d4dfa3\" data-element_type=\"container\">\n\t\t\t\t\t<div class=\"e-con-inner\">\n\t\t\t\t<div class=\"elementor-element elementor-element-ef9755c elementor-widget elementor-widget-text-editor\" data-id=\"ef9755c\" data-element_type=\"widget\" data-widget_type=\"text-editor.default\">\n\t\t\t\t<div class=\"elementor-widget-container\">\n\t\t\t\t\t\t\t\t\t<p>Die Embedded Academy bietet Ihnen ein ganzheitliches Weiterbildungsangebot f\u00fcr Ihre Mitarbeiter im Bereich Embedded System- und Softwareentwicklung, Elektronik, Elektrotechnik und Elektromobilit\u00e4t. Zus\u00e4tzlich zum <a href=\"\/de\/e-learning-portfolio\/\">E-Learning-Angebot<\/a> unterst\u00fctzen wir Sie gerne in den folgenden Bereichen.<\/p>\t\t\t\t\t\t\t\t<\/div>\n\t\t\t\t<\/div>\n\t\t\t\t\t<\/div>\n\t\t\t\t<\/div>\n\t\t<div class=\"elementor-element elementor-element-a938546 e-flex e-con-boxed e-con e-child\" data-id=\"a938546\" data-element_type=\"container\">\n\t\t\t\t\t<div class=\"e-con-inner\">\n\t\t\t\t<div class=\"elementor-element elementor-element-17f895d elementor-widget-divider--view-line elementor-widget elementor-widget-divider\" data-id=\"17f895d\" data-element_type=\"widget\" data-widget_type=\"divider.default\">\n\t\t\t\t<div class=\"elementor-widget-container\">\n\t\t\t\t\t\t\t<div class=\"elementor-divider\">\n\t\t\t<span class=\"elementor-divider-separator\">\n\t\t\t\t\t\t<\/span>\n\t\t<\/div>\n\t\t\t\t\t\t<\/div>\n\t\t\t\t<\/div>\n\t\t\t\t\t<\/div>\n\t\t\t\t<\/div>\n\t\t<div class=\"elementor-element elementor-element-52c1850 e-flex e-con-boxed e-con e-child\" data-id=\"52c1850\" data-element_type=\"container\">\n\t\t\t\t\t<div class=\"e-con-inner\">\n\t\t\t\t<div class=\"elementor-element elementor-element-054c0cb elementor-widget elementor-widget-heading\" data-id=\"054c0cb\" data-element_type=\"widget\" data-widget_type=\"heading.default\">\n\t\t\t\t<div class=\"elementor-widget-container\">\n\t\t\t\t\t<h2 class=\"elementor-heading-title elementor-size-default\">Weiterbildungsberatung durch Experten<\/h2>\t\t\t\t<\/div>\n\t\t\t\t<\/div>\n\t\t\t\t<div class=\"elementor-element elementor-element-7f3bceb elementor-widget elementor-widget-text-editor\" data-id=\"7f3bceb\" data-element_type=\"widget\" data-widget_type=\"text-editor.default\">\n\t\t\t\t<div class=\"elementor-widget-container\">\n\t\t\t\t\t\t\t\t\t<p>Wir bringen gerne unsere jahrelange Expertise in Aufbau und Leitung von Entwicklungsorganisationen in Form von Expertenberatung ein. Wir unterst\u00fctzen Sie mit tiefgreifender Fachexpertise, jahrelanger Management- und Consulting-Erfahrung, um Ihre breit aufgestellten Entwicklungsteams bestm\u00f6glich weiterzuentwickeln.<\/p>\t\t\t\t\t\t\t\t<\/div>\n\t\t\t\t<\/div>\n\t\t\t\t\t<\/div>\n\t\t\t\t<\/div>\n\t\t<div class=\"elementor-element elementor-element-fcaaf88 e-flex e-con-boxed e-con e-child\" data-id=\"fcaaf88\" data-element_type=\"container\">\n\t\t\t\t\t<div class=\"e-con-inner\">\n\t\t\t\t<div class=\"elementor-element elementor-element-4e25069 elementor-widget-divider--view-line elementor-widget elementor-widget-divider\" data-id=\"4e25069\" data-element_type=\"widget\" data-widget_type=\"divider.default\">\n\t\t\t\t<div class=\"elementor-widget-container\">\n\t\t\t\t\t\t\t<div class=\"elementor-divider\">\n\t\t\t<span class=\"elementor-divider-separator\">\n\t\t\t\t\t\t<\/span>\n\t\t<\/div>\n\t\t\t\t\t\t<\/div>\n\t\t\t\t<\/div>\n\t\t\t\t\t<\/div>\n\t\t\t\t<\/div>\n\t\t<div class=\"elementor-element elementor-element-0e678b9 e-flex e-con-boxed e-con e-child\" data-id=\"0e678b9\" data-element_type=\"container\">\n\t\t\t\t\t<div class=\"e-con-inner\">\n\t\t\t\t<div class=\"elementor-element elementor-element-0f99810 elementor-widget elementor-widget-heading\" data-id=\"0f99810\" data-element_type=\"widget\" data-widget_type=\"heading.default\">\n\t\t\t\t<div class=\"elementor-widget-container\">\n\t\t\t\t\t<h2 class=\"elementor-heading-title elementor-size-default\">Online- und Pr\u00e4senzseminare<\/h2>\t\t\t\t<\/div>\n\t\t\t\t<\/div>\n\t\t\t\t<div class=\"elementor-element elementor-element-47daee8 elementor-widget elementor-widget-text-editor\" data-id=\"47daee8\" data-element_type=\"widget\" data-widget_type=\"text-editor.default\">\n\t\t\t\t<div class=\"elementor-widget-container\">\n\t\t\t\t\t\t\t\t\t<p>Das stetig wachsende Angebot an hochwertigen E-Learnings deckt Bereiche wie Elektronik, Elektrotechnik, E-Mobility, Messtechnik, Embedded Systeme und Software ab. Fachspezifische Online-Kurse zu ASPICE, Elektronik und Elektrotechnik Grundlagen, Messtechnik, EV-Charging, Betriebssysteme OS, Echtzeitbetriebssysteme RTOS, Vektorregelung, Verschl\u00fcsselung und einiges mehr steht Ihnen heute schon zur Verf\u00fcgung. Das Portfolio wird zudem kontinuierlich erweitert.<\/p><p>Diese werden durch Pr\u00e4senzinhalte zu Projektmanagement, Softwarearchitektur, Programmierung, Test und SPS sowie Charging Seminare erg\u00e4nzt.<\/p>\t\t\t\t\t\t\t\t<\/div>\n\t\t\t\t<\/div>\n\t\t\t\t\t<\/div>\n\t\t\t\t<\/div>\n\t\t<div class=\"elementor-element elementor-element-f9a0008 e-flex e-con-boxed e-con e-child\" data-id=\"f9a0008\" data-element_type=\"container\">\n\t\t\t\t\t<div class=\"e-con-inner\">\n\t\t\t\t<div class=\"elementor-element elementor-element-b9ca80f elementor-widget-divider--view-line elementor-widget elementor-widget-divider\" data-id=\"b9ca80f\" data-element_type=\"widget\" data-widget_type=\"divider.default\">\n\t\t\t\t<div class=\"elementor-widget-container\">\n\t\t\t\t\t\t\t<div class=\"elementor-divider\">\n\t\t\t<span class=\"elementor-divider-separator\">\n\t\t\t\t\t\t<\/span>\n\t\t<\/div>\n\t\t\t\t\t\t<\/div>\n\t\t\t\t<\/div>\n\t\t\t\t\t<\/div>\n\t\t\t\t<\/div>\n\t\t<div class=\"elementor-element elementor-element-5f1547d e-flex e-con-boxed e-con e-child\" data-id=\"5f1547d\" data-element_type=\"container\">\n\t\t\t\t\t<div class=\"e-con-inner\">\n\t\t\t\t<div class=\"elementor-element elementor-element-ebcbd8b elementor-widget elementor-widget-heading\" data-id=\"ebcbd8b\" data-element_type=\"widget\" data-widget_type=\"heading.default\">\n\t\t\t\t<div class=\"elementor-widget-container\">\n\t\t\t\t\t<h2 class=\"elementor-heading-title elementor-size-default\">Ma\u00dfgeschneiderte L\u00f6sungen<\/h2>\t\t\t\t<\/div>\n\t\t\t\t<\/div>\n\t\t\t\t<div class=\"elementor-element elementor-element-870d0a6 elementor-widget elementor-widget-text-editor\" data-id=\"870d0a6\" data-element_type=\"widget\" data-widget_type=\"text-editor.default\">\n\t\t\t\t<div class=\"elementor-widget-container\">\n\t\t\t\t\t\t\t\t\tH\u00e4ufig besteht der Bedarf von eigenem ma\u00dfgeschneiderten Schulungsmaterial, z.B.  der Schutz von geistigem Eigentum erfordert eigenes Material. Sei es Anpassungen an die Corporate Identity Ihres Unternehmens, Konzeption neuer Lerninhalte, Digitalisierung von vorhandenem Material oder haben Sie einen anderen Bedarf, wir setzen dies gerne f\u00fcr Sie um.\t\t\t\t\t\t\t\t<\/div>\n\t\t\t\t<\/div>\n\t\t\t\t\t<\/div>\n\t\t\t\t<\/div>\n\t\t\t\t<div class=\"elementor-element elementor-element-7cfc0b2 elementor-widget elementor-widget-spacer\" data-id=\"7cfc0b2\" data-element_type=\"widget\" data-widget_type=\"spacer.default\">\n\t\t\t\t<div class=\"elementor-widget-container\">\n\t\t\t\t\t\t\t<div class=\"elementor-spacer\">\n\t\t\t<div class=\"elementor-spacer-inner\"><\/div>\n\t\t<\/div>\n\t\t\t\t\t\t<\/div>\n\t\t\t\t<\/div>\n\t\t<div class=\"elementor-element elementor-element-dca58b3 e-flex e-con-boxed e-con e-child\" data-id=\"dca58b3\" data-element_type=\"container\" data-settings=\"{&quot;background_background&quot;:&quot;classic&quot;}\">\n\t\t\t\t\t<div class=\"e-con-inner\">\n\t\t<div class=\"elementor-element elementor-element-d243749 e-con-full e-flex e-con e-child\" data-id=\"d243749\" data-element_type=\"container\">\n\t\t\t\t<div class=\"elementor-element elementor-element-550a35a elementor-widget elementor-widget-heading\" data-id=\"550a35a\" data-element_type=\"widget\" data-widget_type=\"heading.default\">\n\t\t\t\t<div class=\"elementor-widget-container\">\n\t\t\t\t\t<h2 class=\"elementor-heading-title elementor-size-default\">Lebenslanges Lernen<\/h2>\t\t\t\t<\/div>\n\t\t\t\t<\/div>\n\t\t\t\t<div class=\"elementor-element elementor-element-cfb2107 elementor-widget elementor-widget-heading\" data-id=\"cfb2107\" data-element_type=\"widget\" data-widget_type=\"heading.default\">\n\t\t\t\t<div class=\"elementor-widget-container\">\n\t\t\t\t\t<h2 class=\"elementor-heading-title elementor-size-default\">Embedded \nAcademy<\/h2>\t\t\t\t<\/div>\n\t\t\t\t<\/div>\n\t\t\t\t<div class=\"elementor-element elementor-element-4706ac0 elementor-widget elementor-widget-text-editor\" data-id=\"4706ac0\" data-element_type=\"widget\" data-widget_type=\"text-editor.default\">\n\t\t\t\t<div class=\"elementor-widget-container\">\n\t\t\t\t\t\t\t\t\t<div class=\"wpb_column vc_column_container vc_col-sm-8\"><div class=\"vc_column-inner\"><div class=\"wpb_wrapper\"><div class=\"wpb_text_column wpb_content_element \"><div class=\"wpb_wrapper\"><div class=\"ce_text block\"><div><h4 class=\"vcex-heading vcex-heading-plain vcex-module wpex-heading wpex-text-2xl vcex_662772256db62\"><a href=\"https:\/\/www.youtube.com\/watch?v=PVN70p_KuJY\">Best Practice &#8211; Wie Global Player ihre Ingenieure schulen<\/a><\/h4><p><span class=\"yt-core-attributed-string yt-core-attributed-string--white-space-pre-wrap\"><span class=\"yt-core-attributed-string--link-inherit-color\">In diesem Video erfahren Sie, warum die Embedded Academy Ihre Lernumgebung sein sollte. Wir stellen Ihnen zudem unsere spannenden Erweiterungen vor, die Ihnen Zeit sparen, die passenden Inhalte zu finden.\u00a0 <\/span><\/span><\/p><\/div><\/div><\/div><\/div><\/div><\/div><\/div>\t\t\t\t\t\t\t\t<\/div>\n\t\t\t\t<\/div>\n\t\t\t\t<\/div>\n\t\t\t\t<div class=\"elementor-element elementor-element-bc50c56 elementor-widget elementor-widget-video\" data-id=\"bc50c56\" data-element_type=\"widget\" data-settings=\"{&quot;youtube_url&quot;:&quot;https:\\\/\\\/www.youtube.com\\\/watch?v=PVN70p_KuJY&quot;,&quot;video_type&quot;:&quot;youtube&quot;,&quot;controls&quot;:&quot;yes&quot;}\" data-widget_type=\"video.default\">\n\t\t\t\t<div class=\"elementor-widget-container\">\n\t\t\t\t\t\t\t<div class=\"elementor-wrapper elementor-open-inline\">\n\t\t\t<div class=\"elementor-video\"><\/div>\t\t<\/div>\n\t\t\t\t\t\t<\/div>\n\t\t\t\t<\/div>\n\t\t\t\t\t<\/div>\n\t\t\t\t<\/div>\n\t\t\t\t<\/div>\n\t\t\t\t<\/div>\n\t\t","protected":false},"excerpt":{"rendered":"<p>Dem Mangel an Fachkr\u00e4ften begegnen Energiewende, Verkehrswende, Digitalisierung Mit Hilfe der Embedded Academy k\u00f6nnen Sie dem Fachkr\u00e4ftemangel zu den gro\u00dfen Transformationsthemen effizienter begegnen. E-Learning Portfolio Weiterbildungsberatung Seminare Individuelle L\u00f6sungen Die Embedded Academy bietet Ihnen ein ganzheitliches Weiterbildungsangebot f\u00fcr Ihre Mitarbeiter im Bereich Embedded System- und Softwareentwicklung, Elektronik, Elektrotechnik und Elektromobilit\u00e4t. Zus\u00e4tzlich zum E-Learning-Angebot unterst\u00fctzen wir [&hellip;]<\/p>\n","protected":false},"author":1,"featured_media":0,"parent":0,"menu_order":0,"comment_status":"closed","ping_status":"closed","template":"","meta":{"content-type":"","footnotes":""},"categories":[],"tags":[],"class_list":["post-578","page","type-page","status-publish","hentry"],"_links":{"self":[{"href":"https:\/\/embedded-academy.com\/de\/wp-json\/wp\/v2\/pages\/578","targetHints":{"allow":["GET"]}}],"collection":[{"href":"https:\/\/embedded-academy.com\/de\/wp-json\/wp\/v2\/pages"}],"about":[{"href":"https:\/\/embedded-academy.com\/de\/wp-json\/wp\/v2\/types\/page"}],"author":[{"embeddable":true,"href":"https:\/\/embedded-academy.com\/de\/wp-json\/wp\/v2\/users\/1"}],"replies":[{"embeddable":true,"href":"https:\/\/embedded-academy.com\/de\/wp-json\/wp\/v2\/comments?post=578"}],"version-history":[{"count":146,"href":"https:\/\/embedded-academy.com\/de\/wp-json\/wp\/v2\/pages\/578\/revisions"}],"predecessor-version":[{"id":29956,"href":"https:\/\/embedded-academy.com\/de\/wp-json\/wp\/v2\/pages\/578\/revisions\/29956"}],"wp:attachment":[{"href":"https:\/\/embedded-academy.com\/de\/wp-json\/wp\/v2\/media?parent=578"}],"wp:term":[{"taxonomy":"category","embeddable":true,"href":"https:\/\/embedded-academy.com\/de\/wp-json\/wp\/v2\/categories?post=578"},{"taxonomy":"post_tag","embeddable":true,"href":"https:\/\/embedded-academy.com\/de\/wp-json\/wp\/v2\/tags?post=578"}],"curies":[{"name":"wp","href":"https:\/\/api.w.org\/{rel}","templated":true}]}}