{"id":584,"date":"2022-10-10T03:32:31","date_gmt":"2022-10-10T01:32:31","guid":{"rendered":"https:\/\/es22-dev.gib-dev.com\/?page_id=584"},"modified":"2023-04-25T13:21:04","modified_gmt":"2023-04-25T11:21:04","slug":"weiterbildungsberatung","status":"publish","type":"page","link":"https:\/\/embedded-academy.com\/de\/weiterbildungsberatung\/","title":{"rendered":"Weiterbildungsberatung"},"content":{"rendered":"\t\t<div data-elementor-type=\"wp-page\" data-elementor-id=\"584\" class=\"elementor elementor-584\" data-elementor-post-type=\"page\">\n\t\t\t\t<div class=\"elementor-element elementor-element-7d2e698 e-con-full e-flex e-con e-parent\" data-id=\"7d2e698\" data-element_type=\"container\">\n\t\t<div class=\"elementor-element elementor-element-7adea9e e-flex e-con-boxed e-con e-parent\" data-id=\"7adea9e\" data-element_type=\"container\">\n\t\t\t\t\t<div class=\"e-con-inner\">\n\t\t\t\t<div class=\"elementor-element elementor-element-d7ca7c3 elementor-widget-divider--view-line elementor-widget elementor-widget-divider\" data-id=\"d7ca7c3\" data-element_type=\"widget\" data-widget_type=\"divider.default\">\n\t\t\t\t<div class=\"elementor-widget-container\">\n\t\t\t\t\t\t\t<div class=\"elementor-divider\">\n\t\t\t<span class=\"elementor-divider-separator\">\n\t\t\t\t\t\t<\/span>\n\t\t<\/div>\n\t\t\t\t\t\t<\/div>\n\t\t\t\t<\/div>\n\t\t\t\t\t<\/div>\n\t\t\t\t<\/div>\n\t\t<div class=\"elementor-element elementor-element-f5f4c71 e-flex e-con-boxed e-con e-parent\" data-id=\"f5f4c71\" data-element_type=\"container\">\n\t\t\t\t\t<div class=\"e-con-inner\">\n\t\t\t\t<div class=\"elementor-element elementor-element-3a11869 elementor-widget elementor-widget-heading\" data-id=\"3a11869\" data-element_type=\"widget\" data-widget_type=\"heading.default\">\n\t\t\t\t<div class=\"elementor-widget-container\">\n\t\t\t\t\t<h1 class=\"elementor-heading-title elementor-size-default\">Weiterbildungsberatung<\/h1>\t\t\t\t<\/div>\n\t\t\t\t<\/div>\n\t\t\t\t<div class=\"elementor-element elementor-element-7ef45b3 elementor-widget elementor-widget-text-editor\" data-id=\"7ef45b3\" data-element_type=\"widget\" data-widget_type=\"text-editor.default\">\n\t\t\t\t<div class=\"elementor-widget-container\">\n\t\t\t\t\t\t\t\t\t<p>In vielen Organisationen f\u00fchrt die steigende technische Komplexit\u00e4t dazu, dass die Entwicklungsteams an jeweils unterschiedlichen Themen arbeiten. F\u00fcr eine zielgerichtete und effiziente fachliche Entwicklung des Personals ist somit eine Abstimmung zwischen technischer Roadmap und der Weiterbildungsplanung unerl\u00e4sslich.<\/p><p>Unsere erfahrenen Fachexperten und F\u00fchrungskr\u00e4fte beraten Sie gerne.<\/p>\t\t\t\t\t\t\t\t<\/div>\n\t\t\t\t<\/div>\n\t\t\t\t\t<\/div>\n\t\t\t\t<\/div>\n\t\t<div class=\"elementor-element elementor-element-ffbabe1 e-flex e-con-boxed e-con e-parent\" data-id=\"ffbabe1\" data-element_type=\"container\">\n\t\t\t\t\t<div class=\"e-con-inner\">\n\t\t\t\t<div class=\"elementor-element elementor-element-d8109b8 elementor-widget-divider--view-line elementor-widget elementor-widget-divider\" data-id=\"d8109b8\" data-element_type=\"widget\" data-widget_type=\"divider.default\">\n\t\t\t\t<div class=\"elementor-widget-container\">\n\t\t\t\t\t\t\t<div class=\"elementor-divider\">\n\t\t\t<span class=\"elementor-divider-separator\">\n\t\t\t\t\t\t<\/span>\n\t\t<\/div>\n\t\t\t\t\t\t<\/div>\n\t\t\t\t<\/div>\n\t\t\t\t\t<\/div>\n\t\t\t\t<\/div>\n\t\t<div class=\"elementor-element elementor-element-d41d330 e-flex e-con-boxed e-con e-parent\" data-id=\"d41d330\" data-element_type=\"container\">\n\t\t\t\t\t<div class=\"e-con-inner\">\n\t\t<div class=\"elementor-element elementor-element-afd8247 cols--2 col-gap--default e-flex e-con-boxed e-con e-parent\" data-id=\"afd8247\" data-element_type=\"container\">\n\t\t\t\t\t<div class=\"e-con-inner\">\n\t\t<div class=\"elementor-element elementor-element-6f26182 col-size--1p2 col-size-m--100 col-gap--default el-padding--default e-flex e-con-boxed e-con e-parent\" data-id=\"6f26182\" data-element_type=\"container\">\n\t\t\t\t\t<div class=\"e-con-inner\">\n\t\t\t\t<div class=\"elementor-element elementor-element-0ee7d6c elementor-widget elementor-widget-heading\" data-id=\"0ee7d6c\" data-element_type=\"widget\" data-widget_type=\"heading.default\">\n\t\t\t\t<div class=\"elementor-widget-container\">\n\t\t\t\t\t<h2 class=\"elementor-heading-title elementor-size-default\">Life Long Learning<\/h2>\t\t\t\t<\/div>\n\t\t\t\t<\/div>\n\t\t\t\t\t<\/div>\n\t\t\t\t<\/div>\n\t\t<div class=\"elementor-element elementor-element-e035329 col-size--1p2 col-size-m--100 col-gap--default el-padding--default e-flex e-con-boxed e-con e-parent\" data-id=\"e035329\" data-element_type=\"container\">\n\t\t\t\t\t<div class=\"e-con-inner\">\n\t\t\t\t<div class=\"elementor-element elementor-element-8c2cf8c elementor-widget elementor-widget-text-editor\" data-id=\"8c2cf8c\" data-element_type=\"widget\" data-widget_type=\"text-editor.default\">\n\t\t\t\t<div class=\"elementor-widget-container\">\n\t\t\t\t\t\t\t\t\tDas lebenslange Lernen erstreckt sich \u00fcber verschiedenen Phasen und bedarf somit verschiedener Schwerpunktsetzung. Im betrachteten Fachbereich sehen wir im Wesentlichen folgende Schwerpunkte in der Weiterbildung.\t\t\t\t\t\t\t\t<\/div>\n\t\t\t\t<\/div>\n\t\t\t\t\t<\/div>\n\t\t\t\t<\/div>\n\t\t\t\t\t<\/div>\n\t\t\t\t<\/div>\n\t\t\t\t\t<\/div>\n\t\t\t\t<\/div>\n\t\t<div class=\"elementor-element elementor-element-14fa9df e-flex e-con-boxed e-con e-parent\" data-id=\"14fa9df\" data-element_type=\"container\">\n\t\t\t\t\t<div class=\"e-con-inner\">\n\t\t\t\t<div class=\"elementor-element elementor-element-acd0764 elementor-widget elementor-widget-image\" data-id=\"acd0764\" data-element_type=\"widget\" data-widget_type=\"image.default\">\n\t\t\t\t<div class=\"elementor-widget-container\">\n\t\t\t\t\t\t\t\t\t\t\t\t\t\t\t<img fetchpriority=\"high\" decoding=\"async\" width=\"1793\" height=\"520\" src=\"https:\/\/embedded-academy.com\/wp-content\/uploads\/2022\/10\/Embedded-Academy-Weiterbildungsberatung.jpg\" class=\"attachment-full size-full wp-image-818\" alt=\"E-Learning: Embedded-Academy-Weiterbildungsberatung\" srcset=\"https:\/\/embedded-academy.com\/wp-content\/uploads\/2022\/10\/Embedded-Academy-Weiterbildungsberatung.jpg 1793w, https:\/\/embedded-academy.com\/wp-content\/uploads\/2022\/10\/Embedded-Academy-Weiterbildungsberatung-600x174.jpg 600w, https:\/\/embedded-academy.com\/wp-content\/uploads\/2022\/10\/Embedded-Academy-Weiterbildungsberatung-300x87.jpg 300w, https:\/\/embedded-academy.com\/wp-content\/uploads\/2022\/10\/Embedded-Academy-Weiterbildungsberatung-1024x297.jpg 1024w, https:\/\/embedded-academy.com\/wp-content\/uploads\/2022\/10\/Embedded-Academy-Weiterbildungsberatung-768x223.jpg 768w, https:\/\/embedded-academy.com\/wp-content\/uploads\/2022\/10\/Embedded-Academy-Weiterbildungsberatung-1536x445.jpg 1536w\" sizes=\"(max-width: 1793px) 100vw, 1793px\" \/>\t\t\t\t\t\t\t\t\t\t\t\t\t\t\t<\/div>\n\t\t\t\t<\/div>\n\t\t\t\t\t<\/div>\n\t\t\t\t<\/div>\n\t\t<div class=\"elementor-element elementor-element-c6273b6 e-flex e-con-boxed e-con e-parent\" data-id=\"c6273b6\" data-element_type=\"container\">\n\t\t\t\t\t<div class=\"e-con-inner\">\n\t\t<div class=\"elementor-element elementor-element-a9525a3 cols--2 col-gap--default e-flex e-con-boxed e-con e-parent\" data-id=\"a9525a3\" data-element_type=\"container\">\n\t\t\t\t\t<div class=\"e-con-inner\">\n\t\t<div class=\"elementor-element elementor-element-7c2e709 col-size--1p4 col-size-m--100 col-gap--default el-padding--default e-flex e-con-boxed e-con e-parent\" data-id=\"7c2e709\" data-element_type=\"container\">\n\t\t\t\t\t<div class=\"e-con-inner\">\n\t\t\t\t<div class=\"elementor-element elementor-element-89d85e6 elementor-widget elementor-widget-text-editor\" data-id=\"89d85e6\" data-element_type=\"widget\" data-widget_type=\"text-editor.default\">\n\t\t\t\t<div class=\"elementor-widget-container\">\n\t\t\t\t\t\t\t\t\t<p class=\"vcex-heading vcex-module wpex-text-2xl wpex-font-normal wpex-m-auto wpex-max-w-100 vcex-heading-plain wpex-block wpex-text-left\"><strong><span class=\"vcex-heading-inner wpex-inline-block wpex-clr\">Neue Mitarbeiter auf den neuesten Stand bringen<\/span><\/strong><\/p>\t\t\t\t\t\t\t\t<\/div>\n\t\t\t\t<\/div>\n\t\t\t\t\t<\/div>\n\t\t\t\t<\/div>\n\t\t<div class=\"elementor-element elementor-element-0a7361d col-size--3p4 col-size-m--100 col-gap--default el-padding--default e-flex e-con-boxed e-con e-parent\" data-id=\"0a7361d\" data-element_type=\"container\">\n\t\t\t\t\t<div class=\"e-con-inner\">\n\t\t\t\t<div class=\"elementor-element elementor-element-c35f0ca elementor-widget elementor-widget-text-editor\" data-id=\"c35f0ca\" data-element_type=\"widget\" data-widget_type=\"text-editor.default\">\n\t\t\t\t<div class=\"elementor-widget-container\">\n\t\t\t\t\t\t\t\t\t<p>Die Embedded Academy hilft dabei, die L\u00fccken zu schlie\u00dfen, die durch die unterschiedlichen Lehrpl\u00e4ne der Universit\u00e4ten entstehen.<\/p>\t\t\t\t\t\t\t\t<\/div>\n\t\t\t\t<\/div>\n\t\t\t\t\t<\/div>\n\t\t\t\t<\/div>\n\t\t\t\t\t<\/div>\n\t\t\t\t<\/div>\n\t\t<div class=\"elementor-element elementor-element-73d3d79 cols--2 col-gap--default e-flex e-con-boxed e-con e-parent\" data-id=\"73d3d79\" data-element_type=\"container\">\n\t\t\t\t\t<div class=\"e-con-inner\">\n\t\t<div class=\"elementor-element elementor-element-43111c0 col-size--1p4 col-size-m--100 col-gap--default el-padding--default e-flex e-con-boxed e-con e-parent\" data-id=\"43111c0\" data-element_type=\"container\">\n\t\t\t\t\t<div class=\"e-con-inner\">\n\t\t\t\t<div class=\"elementor-element elementor-element-3e8af61 elementor-widget elementor-widget-text-editor\" data-id=\"3e8af61\" data-element_type=\"widget\" data-widget_type=\"text-editor.default\">\n\t\t\t\t<div class=\"elementor-widget-container\">\n\t\t\t\t\t\t\t\t\t<p><strong>Mitarbeiter mit zeitgem\u00e4\u00dfem Know-how ausstatten<\/strong><\/p>\t\t\t\t\t\t\t\t<\/div>\n\t\t\t\t<\/div>\n\t\t\t\t\t<\/div>\n\t\t\t\t<\/div>\n\t\t<div class=\"elementor-element elementor-element-bc4fa78 col-size--3p4 col-size-m--100 col-gap--default el-padding--default e-flex e-con-boxed e-con e-parent\" data-id=\"bc4fa78\" data-element_type=\"container\">\n\t\t\t\t\t<div class=\"e-con-inner\">\n\t\t\t\t<div class=\"elementor-element elementor-element-95e8c62 elementor-widget elementor-widget-text-editor\" data-id=\"95e8c62\" data-element_type=\"widget\" data-widget_type=\"text-editor.default\">\n\t\t\t\t<div class=\"elementor-widget-container\">\n\t\t\t\t\t\t\t\t\t<p>F\u00f6rderung von Innovationen durch technische Themen auf dem neuesten Stand, E-Mobilit\u00e4t, Elektronik und Embedded.<\/p>\t\t\t\t\t\t\t\t<\/div>\n\t\t\t\t<\/div>\n\t\t\t\t\t<\/div>\n\t\t\t\t<\/div>\n\t\t\t\t\t<\/div>\n\t\t\t\t<\/div>\n\t\t<div class=\"elementor-element elementor-element-a2d2bec cols--2 col-gap--default e-flex e-con-boxed e-con e-parent\" data-id=\"a2d2bec\" data-element_type=\"container\">\n\t\t\t\t\t<div class=\"e-con-inner\">\n\t\t<div class=\"elementor-element elementor-element-01b8ebe col-size--1p4 col-size-m--100 col-gap--default el-padding--default e-flex e-con-boxed e-con e-parent\" data-id=\"01b8ebe\" data-element_type=\"container\">\n\t\t\t\t\t<div class=\"e-con-inner\">\n\t\t\t\t<div class=\"elementor-element elementor-element-de4e08f elementor-widget elementor-widget-text-editor\" data-id=\"de4e08f\" data-element_type=\"widget\" data-widget_type=\"text-editor.default\">\n\t\t\t\t<div class=\"elementor-widget-container\">\n\t\t\t\t\t\t\t\t\t<p><strong>Wissen aktualisieren<\/strong><\/p>\t\t\t\t\t\t\t\t<\/div>\n\t\t\t\t<\/div>\n\t\t\t\t\t<\/div>\n\t\t\t\t<\/div>\n\t\t<div class=\"elementor-element elementor-element-4f9d472 col-size--3p4 col-size-m--100 col-gap--default el-padding--default e-flex e-con-boxed e-con e-parent\" data-id=\"4f9d472\" data-element_type=\"container\">\n\t\t\t\t\t<div class=\"e-con-inner\">\n\t\t\t\t<div class=\"elementor-element elementor-element-a7ee206 elementor-widget elementor-widget-text-editor\" data-id=\"a7ee206\" data-element_type=\"widget\" data-widget_type=\"text-editor.default\">\n\t\t\t\t<div class=\"elementor-widget-container\">\n\t\t\t\t\t\t\t\t\t<p>Die Lernenden k\u00f6nnen einen Blick auf notwendige technische Themen werfen, ohne sich zu sch\u00e4men, und so ihr Wissen auffrischen.<\/p>\t\t\t\t\t\t\t\t<\/div>\n\t\t\t\t<\/div>\n\t\t\t\t\t<\/div>\n\t\t\t\t<\/div>\n\t\t\t\t\t<\/div>\n\t\t\t\t<\/div>\n\t\t\t\t\t<\/div>\n\t\t\t\t<\/div>\n\t\t<div class=\"elementor-element elementor-element-b6e1f3d e-flex e-con-boxed e-con e-parent\" data-id=\"b6e1f3d\" data-element_type=\"container\">\n\t\t\t\t\t<div class=\"e-con-inner\">\n\t\t\t\t<div class=\"elementor-element elementor-element-b398ec3 elementor-widget-divider--view-line elementor-widget elementor-widget-divider\" data-id=\"b398ec3\" data-element_type=\"widget\" data-widget_type=\"divider.default\">\n\t\t\t\t<div class=\"elementor-widget-container\">\n\t\t\t\t\t\t\t<div class=\"elementor-divider\">\n\t\t\t<span class=\"elementor-divider-separator\">\n\t\t\t\t\t\t<\/span>\n\t\t<\/div>\n\t\t\t\t\t\t<\/div>\n\t\t\t\t<\/div>\n\t\t\t\t\t<\/div>\n\t\t\t\t<\/div>\n\t\t<div class=\"elementor-element elementor-element-e9f61eb e-flex e-con-boxed e-con e-parent\" data-id=\"e9f61eb\" data-element_type=\"container\">\n\t\t\t\t\t<div class=\"e-con-inner\">\n\t\t\t\t<div class=\"elementor-element elementor-element-0aa2f5a elementor-widget elementor-widget-heading\" data-id=\"0aa2f5a\" data-element_type=\"widget\" data-widget_type=\"heading.default\">\n\t\t\t\t<div class=\"elementor-widget-container\">\n\t\t\t\t\t<h2 class=\"elementor-heading-title elementor-size-default\">Unser Service<\/h2>\t\t\t\t<\/div>\n\t\t\t\t<\/div>\n\t\t\t\t<div class=\"elementor-element elementor-element-548c1b2 elementor-widget elementor-widget-text-editor\" data-id=\"548c1b2\" data-element_type=\"widget\" data-widget_type=\"text-editor.default\">\n\t\t\t\t<div class=\"elementor-widget-container\">\n\t\t\t\t\t\t\t\t\t<p>Wir beraten und unterst\u00fctzen Ihre Personalentwicklung und Weiterbildungsorganisation auf konzeptioneller Ebene und begleiten Sie gerne in der Umsetzung.<\/p>\t\t\t\t\t\t\t\t<\/div>\n\t\t\t\t<\/div>\n\t\t<div class=\"elementor-element elementor-element-c6c59c8 e-flex e-con-boxed e-con e-parent\" data-id=\"c6c59c8\" data-element_type=\"container\">\n\t\t\t\t\t<div class=\"e-con-inner\">\n\t\t\t\t<div class=\"elementor-element elementor-element-4389e7f elementor-widget elementor-widget-heading\" data-id=\"4389e7f\" data-element_type=\"widget\" data-widget_type=\"heading.default\">\n\t\t\t\t<div class=\"elementor-widget-container\">\n\t\t\t\t\t<h3 class=\"elementor-heading-title elementor-size-default\">Weiterbildungskonzepte<\/h3>\t\t\t\t<\/div>\n\t\t\t\t<\/div>\n\t\t\t\t<div class=\"elementor-element elementor-element-0b6cd06 elementor-widget elementor-widget-text-editor\" data-id=\"0b6cd06\" data-element_type=\"widget\" data-widget_type=\"text-editor.default\">\n\t\t\t\t<div class=\"elementor-widget-container\">\n\t\t\t\t\t\t\t\t\t<p>Wir erstellen mit ihnen Weiterbildungskonzepte und begleiten deren Umsetzung, um so ein fachliches Fundament f\u00fcr die Zukunft zu schaffen. Dabei bringen wir unsere Erfahrung in der effizienten Zusammenarbeit von Personalentwicklung, Weiterbildungsorganisation, Innovationsmanagement und technische Fachabteilungen gewinnbringend f\u00fcr Sie ein.<\/p>\t\t\t\t\t\t\t\t<\/div>\n\t\t\t\t<\/div>\n\t\t\t\t\t<\/div>\n\t\t\t\t<\/div>\n\t\t<div class=\"elementor-element elementor-element-0748877 cols--2 cols-m--1 col-gap--default e-flex e-con-boxed e-con e-parent\" data-id=\"0748877\" data-element_type=\"container\">\n\t\t\t\t\t<div class=\"e-con-inner\">\n\t\t<div class=\"elementor-element elementor-element-8a171fb e-flex e-con-boxed e-con e-parent\" data-id=\"8a171fb\" data-element_type=\"container\">\n\t\t\t\t\t<div class=\"e-con-inner\">\n\t\t\t\t<div class=\"elementor-element elementor-element-d47d5de elementor-widget elementor-widget-heading\" data-id=\"d47d5de\" data-element_type=\"widget\" data-widget_type=\"heading.default\">\n\t\t\t\t<div class=\"elementor-widget-container\">\n\t\t\t\t\t<h3 class=\"elementor-heading-title elementor-size-default\">Learning Journeys<\/h3>\t\t\t\t<\/div>\n\t\t\t\t<\/div>\n\t\t\t\t<div class=\"elementor-element elementor-element-a75cbaf elementor-widget elementor-widget-text-editor\" data-id=\"a75cbaf\" data-element_type=\"widget\" data-widget_type=\"text-editor.default\">\n\t\t\t\t<div class=\"elementor-widget-container\">\n\t\t\t\t\t\t\t\t\tGerne entwickeln wir gemeinsam mit Ihnen aufgabenbezogene Learning Journeys, welche verschiedenste Aspekte, wie fachlichen Hintergrund, aktuelles Aufgabenspektrum und technische Roadmap ber\u00fccksichtigen.\t\t\t\t\t\t\t\t<\/div>\n\t\t\t\t<\/div>\n\t\t\t\t\t<\/div>\n\t\t\t\t<\/div>\n\t\t<div class=\"elementor-element elementor-element-d71dd01 col-size--1p2 col-size-m--100 col-size-m--100 e-flex e-con-boxed e-con e-parent\" data-id=\"d71dd01\" data-element_type=\"container\" data-settings=\"{&quot;background_background&quot;:&quot;classic&quot;}\">\n\t\t\t\t\t<div class=\"e-con-inner\">\n\t\t\t\t<div class=\"elementor-element elementor-element-947e5d8 elementor-widget elementor-widget-heading\" data-id=\"947e5d8\" data-element_type=\"widget\" data-widget_type=\"heading.default\">\n\t\t\t\t<div class=\"elementor-widget-container\">\n\t\t\t\t\t<h2 class=\"elementor-heading-title elementor-size-default\">Ihre Vorteile<\/h2>\t\t\t\t<\/div>\n\t\t\t\t<\/div>\n\t\t\t\t\t<\/div>\n\t\t\t\t<\/div>\n\t\t<div class=\"elementor-element elementor-element-b703e85 col-size--1p2 col-size-m--100 col-size-m--100 e-flex e-con-boxed e-con e-parent\" data-id=\"b703e85\" data-element_type=\"container\" data-settings=\"{&quot;background_background&quot;:&quot;classic&quot;}\">\n\t\t\t\t\t<div class=\"e-con-inner\">\n\t\t\t\t<div class=\"elementor-element elementor-element-e0b2927 elementor-icon-list--layout-traditional elementor-list-item-link-full_width elementor-widget elementor-widget-icon-list\" data-id=\"e0b2927\" data-element_type=\"widget\" data-widget_type=\"icon-list.default\">\n\t\t\t\t<div class=\"elementor-widget-container\">\n\t\t\t\t\t\t\t<ul class=\"elementor-icon-list-items\">\n\t\t\t\t\t\t\t<li class=\"elementor-icon-list-item\">\n\t\t\t\t\t\t\t\t\t\t\t<span class=\"elementor-icon-list-icon\">\n\t\t\t\t\t\t\t<i aria-hidden=\"true\" class=\"fas fa-star\"><\/i>\t\t\t\t\t\t<\/span>\n\t\t\t\t\t\t\t\t\t\t<span class=\"elementor-icon-list-text\">Hochaktuelle Weiterbildungskonzepte, welche die gesamte Palette an Weiterbildungsm\u00f6glichkeiten ber\u00fccksichtigt, die genau auf Ihre Bed\u00fcrfnisse abgestimmt sind.<\/span>\n\t\t\t\t\t\t\t\t\t<\/li>\n\t\t\t\t\t\t\t\t<li class=\"elementor-icon-list-item\">\n\t\t\t\t\t\t\t\t\t\t\t<span class=\"elementor-icon-list-icon\">\n\t\t\t\t\t\t\t<i aria-hidden=\"true\" class=\"fas fa-star\"><\/i>\t\t\t\t\t\t<\/span>\n\t\t\t\t\t\t\t\t\t\t<span class=\"elementor-icon-list-text\">Zielgruppengerechte Weiterbildungspakete, die sich an den Produkten und der technischen Roadmap orientieren.<\/span>\n\t\t\t\t\t\t\t\t\t<\/li>\n\t\t\t\t\t\t\t\t<li class=\"elementor-icon-list-item\">\n\t\t\t\t\t\t\t\t\t\t\t<span class=\"elementor-icon-list-icon\">\n\t\t\t\t\t\t\t<i aria-hidden=\"true\" class=\"fas fa-star\"><\/i>\t\t\t\t\t\t<\/span>\n\t\t\t\t\t\t\t\t\t\t<span class=\"elementor-icon-list-text\">Wir entlasten die technischen Fachabteilung und schenken Ihren erfahrenen Ingenieuren und Ingenieurinnen somit die Zeit, die bisher zus\u00e4tzlich f\u00fcr die Weiterbildung von j\u00fcngeren Mitarbeitern aufgebracht werden musste.<\/span>\n\t\t\t\t\t\t\t\t\t<\/li>\n\t\t\t\t\t\t<\/ul>\n\t\t\t\t\t\t<\/div>\n\t\t\t\t<\/div>\n\t\t\t\t\t<\/div>\n\t\t\t\t<\/div>\n\t\t\t\t\t<\/div>\n\t\t\t\t<\/div>\n\t\t\t\t\t<\/div>\n\t\t\t\t<\/div>\n\t\t\t\t<div class=\"elementor-element elementor-element-ea16de9 elementor-widget elementor-widget-spacer\" data-id=\"ea16de9\" data-element_type=\"widget\" data-widget_type=\"spacer.default\">\n\t\t\t\t<div class=\"elementor-widget-container\">\n\t\t\t\t\t\t\t<div class=\"elementor-spacer\">\n\t\t\t<div class=\"elementor-spacer-inner\"><\/div>\n\t\t<\/div>\n\t\t\t\t\t\t<\/div>\n\t\t\t\t<\/div>\n\t\t\t\t<\/div>\n\t\t\t\t<\/div>\n\t\t","protected":false},"excerpt":{"rendered":"<p>Weiterbildungsberatung In vielen Organisationen f\u00fchrt die steigende technische Komplexit\u00e4t dazu, dass die Entwicklungsteams an jeweils unterschiedlichen Themen arbeiten. F\u00fcr eine zielgerichtete und effiziente fachliche Entwicklung des Personals ist somit eine Abstimmung zwischen technischer Roadmap und der Weiterbildungsplanung unerl\u00e4sslich. Unsere erfahrenen Fachexperten und F\u00fchrungskr\u00e4fte beraten Sie gerne. Life Long Learning Das lebenslange Lernen erstreckt sich \u00fcber [&hellip;]<\/p>\n","protected":false},"author":1,"featured_media":0,"parent":0,"menu_order":0,"comment_status":"closed","ping_status":"closed","template":"","meta":{"content-type":"","footnotes":""},"categories":[],"tags":[],"class_list":["post-584","page","type-page","status-publish","hentry"],"_links":{"self":[{"href":"https:\/\/embedded-academy.com\/de\/wp-json\/wp\/v2\/pages\/584","targetHints":{"allow":["GET"]}}],"collection":[{"href":"https:\/\/embedded-academy.com\/de\/wp-json\/wp\/v2\/pages"}],"about":[{"href":"https:\/\/embedded-academy.com\/de\/wp-json\/wp\/v2\/types\/page"}],"author":[{"embeddable":true,"href":"https:\/\/embedded-academy.com\/de\/wp-json\/wp\/v2\/users\/1"}],"replies":[{"embeddable":true,"href":"https:\/\/embedded-academy.com\/de\/wp-json\/wp\/v2\/comments?post=584"}],"version-history":[{"count":55,"href":"https:\/\/embedded-academy.com\/de\/wp-json\/wp\/v2\/pages\/584\/revisions"}],"predecessor-version":[{"id":25587,"href":"https:\/\/embedded-academy.com\/de\/wp-json\/wp\/v2\/pages\/584\/revisions\/25587"}],"wp:attachment":[{"href":"https:\/\/embedded-academy.com\/de\/wp-json\/wp\/v2\/media?parent=584"}],"wp:term":[{"taxonomy":"category","embeddable":true,"href":"https:\/\/embedded-academy.com\/de\/wp-json\/wp\/v2\/categories?post=584"},{"taxonomy":"post_tag","embeddable":true,"href":"https:\/\/embedded-academy.com\/de\/wp-json\/wp\/v2\/tags?post=584"}],"curies":[{"name":"wp","href":"https:\/\/api.w.org\/{rel}","templated":true}]}}