{"id":589,"date":"2022-10-10T03:34:13","date_gmt":"2022-10-10T01:34:13","guid":{"rendered":"https:\/\/es22-dev.gib-dev.com\/?page_id=589"},"modified":"2024-04-23T11:52:25","modified_gmt":"2024-04-23T09:52:25","slug":"seminare","status":"publish","type":"page","link":"https:\/\/embedded-academy.com\/de\/seminare\/","title":{"rendered":"Seminare"},"content":{"rendered":"\t\t<div data-elementor-type=\"wp-page\" data-elementor-id=\"589\" class=\"elementor elementor-589\" data-elementor-post-type=\"page\">\n\t\t\t\t<div class=\"elementor-element elementor-element-c2e3b62 e-con-full e-flex e-con e-parent\" data-id=\"c2e3b62\" data-element_type=\"container\">\n\t\t<div class=\"elementor-element elementor-element-1045791 e-flex e-con-boxed e-con e-child\" data-id=\"1045791\" data-element_type=\"container\">\n\t\t\t\t\t<div class=\"e-con-inner\">\n\t\t\t\t<div class=\"elementor-element elementor-element-33d5266 elementor-widget-divider--view-line elementor-widget elementor-widget-divider\" data-id=\"33d5266\" data-element_type=\"widget\" data-widget_type=\"divider.default\">\n\t\t\t\t<div class=\"elementor-widget-container\">\n\t\t\t\t\t\t\t<div class=\"elementor-divider\">\n\t\t\t<span class=\"elementor-divider-separator\">\n\t\t\t\t\t\t<\/span>\n\t\t<\/div>\n\t\t\t\t\t\t<\/div>\n\t\t\t\t<\/div>\n\t\t\t\t\t<\/div>\n\t\t\t\t<\/div>\n\t\t<div class=\"elementor-element elementor-element-34857bd e-flex e-con-boxed e-con e-child\" data-id=\"34857bd\" data-element_type=\"container\">\n\t\t\t\t\t<div class=\"e-con-inner\">\n\t\t<div class=\"elementor-element elementor-element-5e99508 cols--2 col-gap--default e-flex e-con-boxed e-con e-child\" data-id=\"5e99508\" data-element_type=\"container\">\n\t\t\t\t\t<div class=\"e-con-inner\">\n\t\t<div class=\"elementor-element elementor-element-5253ca7 col-size--1p2 col-size-m--100 col-gap--default el-padding--default e-flex e-con-boxed e-con e-child\" data-id=\"5253ca7\" data-element_type=\"container\">\n\t\t\t\t\t<div class=\"e-con-inner\">\n\t\t<div class=\"elementor-element elementor-element-c847238 e-flex e-con-boxed e-con e-child\" data-id=\"c847238\" data-element_type=\"container\">\n\t\t\t\t\t<div class=\"e-con-inner\">\n\t\t\t\t<div class=\"elementor-element elementor-element-65fcdbf elementor-widget elementor-widget-text-editor\" data-id=\"65fcdbf\" data-element_type=\"widget\" data-widget_type=\"text-editor.default\">\n\t\t\t\t<div class=\"elementor-widget-container\">\n\t\t\t\t\t\t\t\t\t<strong>ONLINE, IN-HOUSE UND HYBRID<\/strong>\t\t\t\t\t\t\t\t<\/div>\n\t\t\t\t<\/div>\n\t\t\t\t<div class=\"elementor-element elementor-element-1a53996 elementor-widget elementor-widget-heading\" data-id=\"1a53996\" data-element_type=\"widget\" data-widget_type=\"heading.default\">\n\t\t\t\t<div class=\"elementor-widget-container\">\n\t\t\t\t\t<h1 class=\"elementor-heading-title elementor-size-default\">Embedded und Charging Seminare<\/h1>\t\t\t\t<\/div>\n\t\t\t\t<\/div>\n\t\t\t\t\t<\/div>\n\t\t\t\t<\/div>\n\t\t\t\t\t<\/div>\n\t\t\t\t<\/div>\n\t\t<div class=\"elementor-element elementor-element-1d4fd6c col-size--1p2 col-size-m--100 col-gap--default el-padding--default e-flex e-con-boxed e-con e-child\" data-id=\"1d4fd6c\" data-element_type=\"container\">\n\t\t\t\t\t<div class=\"e-con-inner\">\n\t\t\t\t<div class=\"elementor-element elementor-element-3ac5a27 elementor-widget elementor-widget-text-editor\" data-id=\"3ac5a27\" data-element_type=\"widget\" data-widget_type=\"text-editor.default\">\n\t\t\t\t<div class=\"elementor-widget-container\">\n\t\t\t\t\t\t\t\t\t<p>Zus\u00e4tzlich zu den beliebten <a href=\"\/en\/e-learning-portfolio\/\" data-wplink-edit=\"true\">E-Learnings der Embedded Academy<\/a> bieten wir Seminare online, in-house in unseren Seminarr\u00e4umen im Herzen Regensburgs oder auch in Ihrem Unternehmen an. Hybride Veranstaltungen, die in Pr\u00e4senz stattfinden und online gestreamt werden, runden unser Angebot ab und geben jedem die M\u00f6glichkeit, an den Seminaren teilzunehmen.<\/p>\t\t\t\t\t\t\t\t<\/div>\n\t\t\t\t<\/div>\n\t\t<div class=\"elementor-element elementor-element-d6f9c2e e-flex e-con-boxed e-con e-child\" data-id=\"d6f9c2e\" data-element_type=\"container\">\n\t\t\t\t\t<div class=\"e-con-inner\">\n\t\t\t\t<div class=\"elementor-element elementor-element-6eb47d0 elementor-align-center elementor-widget elementor-widget-button\" data-id=\"6eb47d0\" data-element_type=\"widget\" data-widget_type=\"button.default\">\n\t\t\t\t<div class=\"elementor-widget-container\">\n\t\t\t\t\t\t\t\t\t<div class=\"elementor-button-wrapper\">\n\t\t\t\t\t<a class=\"elementor-button elementor-button-link elementor-size-sm\" href=\"https:\/\/eclipseina.com\/wp-content\/uploads\/2022\/03\/Eclipseina-elektrisches-Laden-Seminare.pdf\" target=\"_blank\" rel=\"nofollow\">\n\t\t\t\t\t\t<span class=\"elementor-button-content-wrapper\">\n\t\t\t\t\t\t<span class=\"elementor-button-icon\">\n\t\t\t\t<i aria-hidden=\"true\" class=\"fas fa-file-pdf\"><\/i>\t\t\t<\/span>\n\t\t\t\t\t\t\t\t\t<span class=\"elementor-button-text\">Charging Seminare<\/span>\n\t\t\t\t\t<\/span>\n\t\t\t\t\t<\/a>\n\t\t\t\t<\/div>\n\t\t\t\t\t\t\t\t<\/div>\n\t\t\t\t<\/div>\n\t\t\t\t<div class=\"elementor-element elementor-element-a16341e elementor-align-center elementor-widget elementor-widget-button\" data-id=\"a16341e\" data-element_type=\"widget\" data-widget_type=\"button.default\">\n\t\t\t\t<div class=\"elementor-widget-container\">\n\t\t\t\t\t\t\t\t\t<div class=\"elementor-button-wrapper\">\n\t\t\t\t\t<a class=\"elementor-button elementor-button-link elementor-size-sm\" href=\"https:\/\/eclipseina.com\/wp-content\/uploads\/2022\/03\/Eclipseina-Embedded-Seminare.pdf\" target=\"_blank\" rel=\"nofollow\">\n\t\t\t\t\t\t<span class=\"elementor-button-content-wrapper\">\n\t\t\t\t\t\t<span class=\"elementor-button-icon\">\n\t\t\t\t<i aria-hidden=\"true\" class=\"fas fa-file-pdf\"><\/i>\t\t\t<\/span>\n\t\t\t\t\t\t\t\t\t<span class=\"elementor-button-text\">Embedded Seminare<\/span>\n\t\t\t\t\t<\/span>\n\t\t\t\t\t<\/a>\n\t\t\t\t<\/div>\n\t\t\t\t\t\t\t\t<\/div>\n\t\t\t\t<\/div>\n\t\t\t\t\t<\/div>\n\t\t\t\t<\/div>\n\t\t\t\t\t<\/div>\n\t\t\t\t<\/div>\n\t\t\t\t\t<\/div>\n\t\t\t\t<\/div>\n\t\t\t\t\t<\/div>\n\t\t\t\t<\/div>\n\t\t<div class=\"elementor-element elementor-element-24e86fb e-flex e-con-boxed e-con e-child\" data-id=\"24e86fb\" data-element_type=\"container\">\n\t\t\t\t\t<div class=\"e-con-inner\">\n\t\t\t\t<div class=\"elementor-element elementor-element-3deb9b3 elementor-widget elementor-widget-shortcode\" data-id=\"3deb9b3\" data-element_type=\"widget\" data-widget_type=\"shortcode.default\">\n\t\t\t\t<div class=\"elementor-widget-container\">\n\t\t\t\t\t\t\t<div class=\"elementor-shortcode\"><p><small style='float:right;'>powered by <a href='https:\/\/eveeno.com' target='_blank'>eveeno.de<\/a><\/small><iframe src='https:\/\/eveeno.com\/de\/event-cal\/6465?style=grid&format=embedded' style='border:none;width:100%;height:400px;'><\/iframe><\/p><\/div>\n\t\t\t\t\t\t<\/div>\n\t\t\t\t<\/div>\n\t\t\t\t\t<\/div>\n\t\t\t\t<\/div>\n\t\t<div class=\"elementor-element elementor-element-f7251dc e-flex e-con-boxed e-con e-child\" data-id=\"f7251dc\" data-element_type=\"container\">\n\t\t\t\t\t<div class=\"e-con-inner\">\n\t\t\t\t<div class=\"elementor-element elementor-element-9ac080b elementor-widget elementor-widget-text-editor\" data-id=\"9ac080b\" data-element_type=\"widget\" data-widget_type=\"text-editor.default\">\n\t\t\t\t<div class=\"elementor-widget-container\">\n\t\t\t\t\t\t\t\t\tSie wollen sich anmelden oder m\u00f6chten mehr Informationen? Kontaktieren Sie uns gerne:\u00a0<a href=\"mailto:training@eclipseina.com\">training@eclipseina.com<\/a>\u00a0| <a href=\"tel:+4994160094495\">+49 941 \/ 600 944 95<\/a>\t\t\t\t\t\t\t\t<\/div>\n\t\t\t\t<\/div>\n\t\t\t\t<div class=\"elementor-element elementor-element-0fa33fb elementor-widget elementor-widget-heading\" data-id=\"0fa33fb\" data-element_type=\"widget\" data-widget_type=\"heading.default\">\n\t\t\t\t<div class=\"elementor-widget-container\">\n\t\t\t\t\t<h2 class=\"elementor-heading-title elementor-size-default\">Workshops und Consulting f\u00fcr Embedded und Charging durch Fachexperten<\/h2>\t\t\t\t<\/div>\n\t\t\t\t<\/div>\n\t\t\t\t<div class=\"elementor-element elementor-element-f2c5ecd elementor-widget elementor-widget-text-editor\" data-id=\"f2c5ecd\" data-element_type=\"widget\" data-widget_type=\"text-editor.default\">\n\t\t\t\t<div class=\"elementor-widget-container\">\n\t\t\t\t\t\t\t\t\t<p>Haben Sie zus\u00e4tzlichen Bedarf an Workshops oder Consulting im Bereich Embedded System- und Softwareentwicklung, Messtechnik oder Elektromobilit\u00e4t, dann kommen Sie gerne auf uns zu.<\/p>\t\t\t\t\t\t\t\t<\/div>\n\t\t\t\t<\/div>\n\t\t\t\t\t<\/div>\n\t\t\t\t<\/div>\n\t\t\t\t<div class=\"elementor-element elementor-element-e0d1001 elementor-widget elementor-widget-spacer\" data-id=\"e0d1001\" data-element_type=\"widget\" data-widget_type=\"spacer.default\">\n\t\t\t\t<div class=\"elementor-widget-container\">\n\t\t\t\t\t\t\t<div class=\"elementor-spacer\">\n\t\t\t<div class=\"elementor-spacer-inner\"><\/div>\n\t\t<\/div>\n\t\t\t\t\t\t<\/div>\n\t\t\t\t<\/div>\n\t\t\t\t<\/div>\n\t\t<div class=\"elementor-element elementor-element-0f0cbfa e-flex e-con-boxed e-con e-child\" data-id=\"0f0cbfa\" data-element_type=\"container\" data-settings=\"{&quot;background_background&quot;:&quot;classic&quot;}\">\n\t\t\t\t\t<div class=\"e-con-inner\">\n\t\t<div class=\"elementor-element elementor-element-bf38264 e-con-full e-flex e-con e-child\" data-id=\"bf38264\" data-element_type=\"container\">\n\t\t\t\t<div class=\"elementor-element elementor-element-db76a91 elementor-widget elementor-widget-heading\" data-id=\"db76a91\" data-element_type=\"widget\" data-widget_type=\"heading.default\">\n\t\t\t\t<div class=\"elementor-widget-container\">\n\t\t\t\t\t<h2 class=\"elementor-heading-title elementor-size-default\">Embedded Systeme<\/h2>\t\t\t\t<\/div>\n\t\t\t\t<\/div>\n\t\t\t\t<div class=\"elementor-element elementor-element-74672e4 elementor-widget elementor-widget-heading\" data-id=\"74672e4\" data-element_type=\"widget\" data-widget_type=\"heading.default\">\n\t\t\t\t<div class=\"elementor-widget-container\">\n\t\t\t\t\t<h2 class=\"elementor-heading-title elementor-size-default\">Ausf\u00fchrbare\nArchitekturen<\/h2>\t\t\t\t<\/div>\n\t\t\t\t<\/div>\n\t\t\t\t<div class=\"elementor-element elementor-element-26bea17 elementor-widget elementor-widget-text-editor\" data-id=\"26bea17\" data-element_type=\"widget\" data-widget_type=\"text-editor.default\">\n\t\t\t\t<div class=\"elementor-widget-container\">\n\t\t\t\t\t\t\t\t\t<div class=\"wpb_column vc_column_container vc_col-sm-8\"><div class=\"vc_column-inner\"><div class=\"wpb_wrapper\"><div class=\"wpb_text_column wpb_content_element \"><div class=\"wpb_wrapper\"><div class=\"ce_text block\"><div><h3 class=\"vcex-heading vcex-heading-plain vcex-module wpex-heading wpex-text-2xl vcex_6627819badbb7\"><a href=\"https:\/\/www.youtube.com\/watch?v=xJ4FgyjixCc\"><span class=\"vcex-heading-inner wpex-inline-block\">Software-Architekturen f\u00fcr Embedded Systeme<\/span><\/a><\/h3><p>Lernen Sie unseren erfahrenen Referenten Thomas Sch\u00fctz kennen, der Workshops und Seminare zu Softwarearchitektur f\u00fcr Embedded Systeme anbietet.<\/p><\/div><\/div><\/div><\/div><\/div><\/div><\/div>\t\t\t\t\t\t\t\t<\/div>\n\t\t\t\t<\/div>\n\t\t\t\t<\/div>\n\t\t\t\t<div class=\"elementor-element elementor-element-d5a7cf1 elementor-widget elementor-widget-video\" data-id=\"d5a7cf1\" data-element_type=\"widget\" data-settings=\"{&quot;youtube_url&quot;:&quot;https:\\\/\\\/youtu.be\\\/xJ4FgyjixCc&quot;,&quot;video_type&quot;:&quot;youtube&quot;,&quot;controls&quot;:&quot;yes&quot;}\" data-widget_type=\"video.default\">\n\t\t\t\t<div class=\"elementor-widget-container\">\n\t\t\t\t\t\t\t<div class=\"elementor-wrapper elementor-open-inline\">\n\t\t\t<div class=\"elementor-video\"><\/div>\t\t<\/div>\n\t\t\t\t\t\t<\/div>\n\t\t\t\t<\/div>\n\t\t\t\t\t<\/div>\n\t\t\t\t<\/div>\n\t\t\t\t<\/div>\n\t\t","protected":false},"excerpt":{"rendered":"<p>ONLINE, IN-HOUSE UND HYBRID Embedded und Charging Seminare Zus\u00e4tzlich zu den beliebten E-Learnings der Embedded Academy bieten wir Seminare online, in-house in unseren Seminarr\u00e4umen im Herzen Regensburgs oder auch in Ihrem Unternehmen an. Hybride Veranstaltungen, die in Pr\u00e4senz stattfinden und online gestreamt werden, runden unser Angebot ab und geben jedem die M\u00f6glichkeit, an den Seminaren [&hellip;]<\/p>\n","protected":false},"author":1,"featured_media":0,"parent":0,"menu_order":0,"comment_status":"closed","ping_status":"closed","template":"","meta":{"content-type":"","footnotes":""},"categories":[],"tags":[],"class_list":["post-589","page","type-page","status-publish","hentry"],"_links":{"self":[{"href":"https:\/\/embedded-academy.com\/de\/wp-json\/wp\/v2\/pages\/589","targetHints":{"allow":["GET"]}}],"collection":[{"href":"https:\/\/embedded-academy.com\/de\/wp-json\/wp\/v2\/pages"}],"about":[{"href":"https:\/\/embedded-academy.com\/de\/wp-json\/wp\/v2\/types\/page"}],"author":[{"embeddable":true,"href":"https:\/\/embedded-academy.com\/de\/wp-json\/wp\/v2\/users\/1"}],"replies":[{"embeddable":true,"href":"https:\/\/embedded-academy.com\/de\/wp-json\/wp\/v2\/comments?post=589"}],"version-history":[{"count":49,"href":"https:\/\/embedded-academy.com\/de\/wp-json\/wp\/v2\/pages\/589\/revisions"}],"predecessor-version":[{"id":29946,"href":"https:\/\/embedded-academy.com\/de\/wp-json\/wp\/v2\/pages\/589\/revisions\/29946"}],"wp:attachment":[{"href":"https:\/\/embedded-academy.com\/de\/wp-json\/wp\/v2\/media?parent=589"}],"wp:term":[{"taxonomy":"category","embeddable":true,"href":"https:\/\/embedded-academy.com\/de\/wp-json\/wp\/v2\/categories?post=589"},{"taxonomy":"post_tag","embeddable":true,"href":"https:\/\/embedded-academy.com\/de\/wp-json\/wp\/v2\/tags?post=589"}],"curies":[{"name":"wp","href":"https:\/\/api.w.org\/{rel}","templated":true}]}}